{"id":1074,"date":"2022-01-16T11:49:33","date_gmt":"2022-01-16T11:49:33","guid":{"rendered":"https:\/\/www.dswrestling.sk\/rolunk\/"},"modified":"2025-07-15T20:11:25","modified_gmt":"2025-07-15T20:11:25","slug":"rolunk","status":"publish","type":"page","link":"https:\/\/www.dswrestling.sk\/sk\/rolunk\/","title":{"rendered":"O n\u00e1s"},"content":{"rendered":"\t\t<div data-elementor-type=\"wp-page\" data-elementor-id=\"1074\" class=\"elementor elementor-1074 elementor-11\" data-elementor-post-type=\"page\">\n\t\t\t\t\t\t<section class=\"elementor-section elementor-top-section elementor-element elementor-element-c6ded40 elementor-section-stretched elementor-section-boxed elementor-section-height-default elementor-section-height-default\" data-id=\"c6ded40\" data-element_type=\"section\" data-e-type=\"section\" data-settings=\"{&quot;stretch_section&quot;:&quot;section-stretched&quot;,&quot;background_background&quot;:&quot;classic&quot;}\">\n\t\t\t\t\t\t<div class=\"elementor-container elementor-column-gap-default\">\n\t\t\t\t\t<div class=\"elementor-column elementor-col-100 elementor-top-column elementor-element elementor-element-57c45ad\" data-id=\"57c45ad\" data-element_type=\"column\" data-e-type=\"column\" data-settings=\"{&quot;background_background&quot;:&quot;classic&quot;}\">\n\t\t\t<div class=\"elementor-widget-wrap elementor-element-populated\">\n\t\t\t\t\t\t<div class=\"elementor-element elementor-element-447411f elementor-widget elementor-widget-text-editor\" data-id=\"447411f\" data-element_type=\"widget\" data-e-type=\"widget\" data-widget_type=\"text-editor.default\">\n\t\t\t\t<div class=\"elementor-widget-container\">\n\t\t\t\t\t\t\t\t\t<h2>O n\u00e1s<\/h2>\t\t\t\t\t\t\t\t<\/div>\n\t\t\t\t<\/div>\n\t\t\t\t<section class=\"elementor-section elementor-inner-section elementor-element elementor-element-40bf459 elementor-section-full_width elementor-section-height-default elementor-section-height-default\" data-id=\"40bf459\" data-element_type=\"section\" data-e-type=\"section\">\n\t\t\t\t\t\t<div class=\"elementor-container elementor-column-gap-default\">\n\t\t\t\t\t<div class=\"elementor-column elementor-col-50 elementor-inner-column elementor-element elementor-element-cd6188f\" data-id=\"cd6188f\" data-element_type=\"column\" data-e-type=\"column\">\n\t\t\t<div class=\"elementor-widget-wrap elementor-element-populated\">\n\t\t\t\t\t\t<div class=\"elementor-element elementor-element-d18896d elementor-widget elementor-widget-image\" data-id=\"d18896d\" data-element_type=\"widget\" data-e-type=\"widget\" data-widget_type=\"image.default\">\n\t\t\t\t<div class=\"elementor-widget-container\">\n\t\t\t\t\t\t\t\t\t\t\t\t\t\t\t<img fetchpriority=\"high\" decoding=\"async\" width=\"576\" height=\"1024\" src=\"https:\/\/www.dswrestling.sk\/wp-content\/uploads\/2022\/01\/IMG_20160603_141622353-e1465453263437-576x1024.jpg\" class=\"attachment-large size-large wp-image-885\" alt=\"\" srcset=\"https:\/\/www.dswrestling.sk\/wp-content\/uploads\/2022\/01\/IMG_20160603_141622353-e1465453263437-576x1024.jpg 576w, https:\/\/www.dswrestling.sk\/wp-content\/uploads\/2022\/01\/IMG_20160603_141622353-e1465453263437-169x300.jpg 169w, https:\/\/www.dswrestling.sk\/wp-content\/uploads\/2022\/01\/IMG_20160603_141622353-e1465453263437-768x1366.jpg 768w, https:\/\/www.dswrestling.sk\/wp-content\/uploads\/2022\/01\/IMG_20160603_141622353-e1465453263437-864x1536.jpg 864w, https:\/\/www.dswrestling.sk\/wp-content\/uploads\/2022\/01\/IMG_20160603_141622353-e1465453263437.jpg 1000w\" sizes=\"(max-width: 576px) 100vw, 576px\" \/>\t\t\t\t\t\t\t\t\t\t\t\t\t\t\t<\/div>\n\t\t\t\t<\/div>\n\t\t\t\t\t<\/div>\n\t\t<\/div>\n\t\t\t\t<div class=\"elementor-column elementor-col-50 elementor-inner-column elementor-element elementor-element-14ce813\" data-id=\"14ce813\" data-element_type=\"column\" data-e-type=\"column\">\n\t\t\t<div class=\"elementor-widget-wrap elementor-element-populated\">\n\t\t\t\t\t\t<div class=\"elementor-element elementor-element-b8e00a8 elementor-widget__width-initial elementor-widget elementor-widget-text-editor\" data-id=\"b8e00a8\" data-element_type=\"widget\" data-e-type=\"widget\" data-widget_type=\"text-editor.default\">\n\t\t\t\t<div class=\"elementor-widget-container\">\n\t\t\t\t\t\t\t\t\t<p>Minulos\u0165 Z\u00e1pasn\u00edckeho klubu Dunajsk\u00e1 Streda siaha a\u017e do roku 1970. Zakladate\u013eom klubu bol <strong>Franti\u0161ek Ir\u00f3<\/strong>, ktor\u00fd z\u00edskal prest\u00ed\u017ene ocenenie \u201eZasl\u00fa\u017eil\u00fd tr\u00e9ner\u201c ude\u013eovan\u00e9 Medzin\u00e1rodnou z\u00e1pasn\u00edckou feder\u00e1ciou (FILA). Za viac ako 50-ro\u010dn\u00fa pr\u00e1cu v oblasti pedagogiky z\u00edskal najvy\u0161\u0161ie pedagogick\u00e9 ocenenie Slovenskej republiky \u2013 Ve\u013ek\u00fa pam\u00e4tn\u00fa medailu sv\u00e4t\u00e9ho Gorazada.<\/p><p>Prv\u00fd slovensk\u00fd majstrovsk\u00fd titul pre klub z\u00edskal v roku 1973 <strong>Franti\u0161ek B\u00fcrs\u00f6ly<\/strong>. V roku 1977 sa ku klubu pripojil <strong>Tibor Hakszer<\/strong> ako z\u00e1pasn\u00edk a tr\u00e9ner, ktor\u00fd nesk\u00f4r z\u00edskal titul \u201emajster \u0161portu\u201c. V tom istom roku na\u0161i z\u00e1pasn\u00edci vyhrali Slovensk\u00fa n\u00e1rodn\u00fa ligu a v roku 1978 post\u00fapili do I. \u010ceskoslovenskej ligy.<\/p><p>V roku 1983 z\u00edskal <strong>Jozef Schwendtner<\/strong> titul majstra sveta vo vo\u013enom \u0161t\u00fdle na juniorskom svetovom \u0161ampion\u00e1te v Los Angeles. O dva roky nesk\u00f4r, v roku 1985 n\u00e1\u0161 klub z\u00edskal 1. miesto na majstrovstv\u00e1ch \u010cSSR v kateg\u00f3rii star\u0161\u00edch \u017eiakov. Na majstrovstv\u00e1ch \u010cSSR star\u0161\u00edch \u017eiakov v roku 1986 z\u00edskali na\u0161i z\u00e1pasn\u00edci sedem majstrovsk\u00fdch titulov.<\/p><p>\u00daspe\u0161n\u00e9 obdobie pokra\u010dovalo aj v 90. rokoch: na juniorskom svetovom \u0161ampion\u00e1te v Prievidzi v roku 1991 reprezentovali \u010deskoslovensk\u00fa v\u00fdpravu \u0161tyria z\u00e1pasn\u00edci z Dunajskej Stredy, z ktor\u00fdch <strong>\u0160tefan Ferny\u00e1k<\/strong> z\u00edskal bronzov\u00fa medailu. V tom istom roku vybojoval <strong>Roman Koll\u00e1r<\/strong> titul majstra Eur\u00f3py v Istanbule, zatia\u013e \u010do \u0160tefan Ferny\u00e1k z\u00edskal strieborn\u00fa medailu.<\/p><p>V roku 2011 bolo v r\u00e1mci n\u00e1\u0161ho klubu zalo\u017een\u00e9 \u017eensk\u00e9 z\u00e1pasenie, ktor\u00e9 v nasleduj\u00facich rokoch dosiahlo tie\u017e pekn\u00e9 v\u00fdsledky. V rokoch 2016 a 2020 bol prezident klubu <strong>Roland Hakszer<\/strong> zvolen\u00fd za viceprezidenta Slovensk\u00e9ho z\u00e1pasn\u00edckeho zv\u00e4zu.<\/p><p>V roku 2018 dosiahol <strong>Attila Ga\u00e1l<\/strong> 5. miesto na univerzitn\u00fdch majstrovstv\u00e1ch sveta, ktor\u00e9 sa konali v Braz\u00edlii. V tom istom roku sa <strong>R\u00e9ka Bacsfaiov\u00e1<\/strong> ako prv\u00e1 \u017eensk\u00e1 z\u00e1pasn\u00ed\u010dka n\u00e1\u0161ho klubu prebojovala medzi desa\u0165 najlep\u0161\u00edch na juniorsk\u00fdch majstrovstv\u00e1ch Eur\u00f3py v R\u00edme. V roku 2019 obsadila <strong>Anna Poll\u00e1kov\u00e1<\/strong> 5. miesto a <strong>Tom\u00e1\u0161 Cs\u00f6rg\u0151<\/strong> 7. miesto na kadetsk\u00fdch majstrovstv\u00e1ch Eur\u00f3py vo Faenze. V tomto roku n\u00e1\u0161 klub po prv\u00fdkr\u00e1t v hist\u00f3rii z\u00edskal majstrovsk\u00fd titul v I. Slovenskej dorasteneckej lige vo vo\u013enom \u0161t\u00fdle.<\/p><p>V roku 2021 Dunajsk\u00e1 Streda prv\u00fdkr\u00e1t hostila seniorsk\u00e9 majstrovstv\u00e1 Slovenska, na ktor\u00fdch <strong>Bal\u00e1zs Hakszer<\/strong> z\u00edskal svoj jeden\u00e1sty slovensk\u00fd titul.<\/p><p>V roku 2022 z\u00edskala <strong>R\u00e9ka Heged\u0171s<\/strong> 5. miesto na majstrovstv\u00e1ch Eur\u00f3py U17 v Bukure\u0161ti a tie\u017e na majstrovstv\u00e1ch sveta U17 v R\u00edme. S\u00e9ria \u00faspechov pokra\u010dovala aj v roku 2023, ke\u010f R\u00e9ka Heged\u0171s op\u00e4\u0165 obsadila 5. miesto na majstrovstv\u00e1ch sveta U20 v Amm\u00e1ne.<\/p><p>V roku 2025 sa <strong>Attila Heged\u0171s<\/strong> v\u00fdborne umiestnil na 5. mieste na majstrovstv\u00e1ch Eur\u00f3py U17 v Severnom Maced\u00f3nsku. V tom istom roku R\u00e9ka Heged\u0171s obsadila tie\u017e 5. miesto na majstrovstv\u00e1ch Eur\u00f3py U20, ktor\u00e9 sa konali v talianskom Caorle.<\/p>\t\t\t\t\t\t\t\t<\/div>\n\t\t\t\t<\/div>\n\t\t\t\t\t<\/div>\n\t\t<\/div>\n\t\t\t\t\t<\/div>\n\t\t<\/section>\n\t\t\t\t<section class=\"elementor-section elementor-inner-section elementor-element elementor-element-8539b4b elementor-section-full_width elementor-section-height-default elementor-section-height-default\" data-id=\"8539b4b\" data-element_type=\"section\" data-e-type=\"section\">\n\t\t\t\t\t\t<div class=\"elementor-container elementor-column-gap-default\">\n\t\t\t\t\t<div class=\"elementor-column elementor-col-100 elementor-inner-column elementor-element elementor-element-1e574b2\" data-id=\"1e574b2\" data-element_type=\"column\" data-e-type=\"column\">\n\t\t\t<div class=\"elementor-widget-wrap elementor-element-populated\">\n\t\t\t\t\t\t<div class=\"elementor-element elementor-element-602d19e elementor-widget elementor-widget-text-editor\" data-id=\"602d19e\" data-element_type=\"widget\" data-e-type=\"widget\" data-widget_type=\"text-editor.default\">\n\t\t\t\t<div class=\"elementor-widget-container\">\n\t\t\t\t\t\t\t\t\t<p><strong>Na majstrovstv\u00e1ch sveta a Eur\u00f3py z\u00edskali na\u0161i z\u00e1pasn\u00edci spolu 15 medail\u00ed:<\/strong><\/p>\n<ul>\n  <li><strong>Jozef Schwendtner:<\/strong> juniorsky titul majstra sveta, striebro na juniorsk\u00fdch ME, bronz na seniorsk\u00fdch ME, \u00fa\u010dastn\u00edk olympijsk\u00fdch hier 1988.<\/li>\n  <li><strong>Roman Koll\u00e1r:<\/strong> juniorsk\u00fd titul majstra Eur\u00f3py, bronz na seniorsk\u00fdch MS, \u00fa\u010dastn\u00edk olympijsk\u00fdch hier 1996.<\/li>\n  <li><strong>\u0160tefan Ferny\u00e1k:<\/strong> striebro a bronz na juniorsk\u00fdch MS, dve striebra na juniorsk\u00fdch ME, bronz na seniorsk\u00fdch ME, \u00fa\u010dastn\u00edk olympijsk\u00fdch hier 2000 a 2004.<\/li>\n  <li><strong>Zolt\u00e1n Hodossy:<\/strong> dve zlat\u00e9 a jedna bronzov\u00e1 medaila na veter\u00e1nskych majstrovstv\u00e1ch sveta.<\/li>\n  <li><strong>Tibor Hakszer:<\/strong> strieborn\u00e1 a bronzov\u00e1 medaila na veter\u00e1nskych majstrovstv\u00e1ch sveta.<\/li>\n<\/ul>\t\t\t\t\t\t\t\t<\/div>\n\t\t\t\t<\/div>\n\t\t\t\t\t<\/div>\n\t\t<\/div>\n\t\t\t\t\t<\/div>\n\t\t<\/section>\n\t\t\t\t\t<\/div>\n\t\t<\/div>\n\t\t\t\t\t<\/div>\n\t\t<\/section>\n\t\t\t\t<\/div>\n\t\t","protected":false},"excerpt":{"rendered":"<p>O n\u00e1s Minulos\u0165 Z\u00e1pasn\u00edckeho klubu Dunajsk\u00e1 Streda siaha a\u017e do roku 1970. Zakladate\u013eom klubu bol Franti\u0161ek Ir\u00f3, ktor\u00fd z\u00edskal prest\u00ed\u017ene ocenenie \u201eZasl\u00fa\u017eil\u00fd tr\u00e9ner\u201c ude\u013eovan\u00e9 Medzin\u00e1rodnou z\u00e1pasn\u00edckou feder\u00e1ciou (FILA). Za viac ako 50-ro\u010dn\u00fa pr\u00e1cu v oblasti pedagogiky z\u00edskal najvy\u0161\u0161ie pedagogick\u00e9 ocenenie Slovenskej republiky \u2013 Ve\u013ek\u00fa pam\u00e4tn\u00fa medailu sv\u00e4t\u00e9ho Gorazada. Prv\u00fd slovensk\u00fd majstrovsk\u00fd titul pre klub z\u00edskal [&hellip;]<\/p>\n","protected":false},"author":1,"featured_media":0,"parent":0,"menu_order":0,"comment_status":"closed","ping_status":"closed","template":"","meta":{"footnotes":""},"class_list":["post-1074","page","type-page","status-publish","hentry"],"acf":[],"_links":{"self":[{"href":"https:\/\/www.dswrestling.sk\/sk\/wp-json\/wp\/v2\/pages\/1074","targetHints":{"allow":["GET"]}}],"collection":[{"href":"https:\/\/www.dswrestling.sk\/sk\/wp-json\/wp\/v2\/pages"}],"about":[{"href":"https:\/\/www.dswrestling.sk\/sk\/wp-json\/wp\/v2\/types\/page"}],"author":[{"embeddable":true,"href":"https:\/\/www.dswrestling.sk\/sk\/wp-json\/wp\/v2\/users\/1"}],"replies":[{"embeddable":true,"href":"https:\/\/www.dswrestling.sk\/sk\/wp-json\/wp\/v2\/comments?post=1074"}],"version-history":[{"count":14,"href":"https:\/\/www.dswrestling.sk\/sk\/wp-json\/wp\/v2\/pages\/1074\/revisions"}],"predecessor-version":[{"id":2739,"href":"https:\/\/www.dswrestling.sk\/sk\/wp-json\/wp\/v2\/pages\/1074\/revisions\/2739"}],"wp:attachment":[{"href":"https:\/\/www.dswrestling.sk\/sk\/wp-json\/wp\/v2\/media?parent=1074"}],"curies":[{"name":"wp","href":"https:\/\/api.w.org\/{rel}","templated":true}]}}